{"id":1477,"date":"2017-07-26T17:42:35","date_gmt":"2017-07-26T20:42:35","guid":{"rendered":"https:\/\/minascitro.com.br\/?page_id=1477"},"modified":"2023-11-22T15:08:52","modified_gmt":"2023-11-22T18:08:52","slug":"contato","status":"publish","type":"page","link":"https:\/\/minascitro.com.br\/?page_id=1477","title":{"rendered":"Minas Citro | Contato"},"content":{"rendered":"<div class=\"wpb-content-wrapper\"><p>[vc_row full_width=&#8221;stretch_row_content_no_spaces&#8221; css=&#8221;.vc_custom_1501127505075{margin-top: 0px !important;margin-bottom: 0px !important;background-color: #215e00 !important;}&#8221;][vc_column css=&#8221;.vc_custom_1505862085614{margin-top: 0px !important;margin-bottom: 0px !important;padding-top: 2px !important;padding-bottom: 2px !important;}&#8221;][\/vc_column][\/vc_row][vc_row full_width=&#8221;stretch_row_content_no_spaces&#8221; equal_height=&#8221;yes&#8221; content_placement=&#8221;middle&#8221; css=&#8221;.vc_custom_1505862026929{margin-top: 0px !important;margin-bottom: 0px !important;background-color: #ffffff !important;}&#8221;][vc_column css=&#8221;.vc_custom_1505862005662{margin-top: 0px !important;margin-right: 0px !important;margin-bottom: 0px !important;margin-left: 0px !important;padding-top: 0px !important;padding-right: 0px !important;padding-bottom: 0px !important;padding-left: 0px !important;}&#8221; offset=&#8221;vc_hidden-lg&#8221;][vc_row_inner equal_height=&#8221;yes&#8221; content_placement=&#8221;middle&#8221; css=&#8221;.vc_custom_1565267479453{margin-top: 0px !important;margin-right: 0px !important;margin-bottom: 0px !important;margin-left: 0px !important;padding-top: 0px !important;padding-right: 0px !important;padding-bottom: 0px !important;padding-left: 0px !important;background-color: #ffffff !important;}&#8221;][vc_column_inner width=&#8221;1\/6&#8243; css=&#8221;.vc_custom_1505859341068{margin-top: 0px !important;margin-bottom: 0px !important;padding-top: 0px !important;padding-bottom: 0px !important;background-color: #ffffff !important;}&#8221; offset=&#8221;vc_hidden-lg&#8221;][\/vc_column_inner][vc_column_inner width=&#8221;2\/3&#8243; css=&#8221;.vc_custom_1505861588714{margin-top: 0px !important;margin-bottom: 0px !important;padding-top: 5px !important;padding-bottom: 0px !important;}&#8221; offset=&#8221;vc_hidden-lg&#8221;][vc_single_image image=&#8221;4225&#8243; img_size=&#8221;full&#8221; alignment=&#8221;center&#8221; onclick=&#8221;custom_link&#8221; css=&#8221;.vc_custom_1565267575998{margin-top: 10px !important;margin-right: 0px !important;margin-bottom: 5px !important;margin-left: 0px !important;padding-top: 0px !important;padding-right: 0px !important;padding-bottom: 0px !important;padding-left: 0px !important;}&#8221; link=&#8221;https:\/\/minascitro.com.br&#8221;][\/vc_column_inner][vc_column_inner width=&#8221;1\/6&#8243; css=&#8221;.vc_custom_1505859266088{margin-top: 0px !important;margin-right: 0px !important;margin-bottom: 0px !important;margin-left: 0px !important;border-right-width: 2px !important;border-left-width: 2px !important;padding-top: 11px !important;padding-right: 0px !important;padding-bottom: 10px !important;padding-left: 0px !important;border-left-color: #ffffff !important;border-left-style: solid !important;border-right-color: #ffffff !important;border-right-style: solid !important;}&#8221; offset=&#8221;vc_hidden-lg&#8221;][\/vc_column_inner][\/vc_row_inner][\/vc_column][\/vc_row][vc_row full_width=&#8221;stretch_row_content_no_spaces&#8221; bg_type=&#8221;image&#8221; bg_img_attach=&#8221;fixed&#8221; css=&#8221;.vc_custom_1505498776559{margin-top: 0px !important;margin-right: 0px !important;margin-bottom: 0px !important;margin-left: 0px !important;background-color: #ffffff !important;}&#8221;][vc_column css_animation=&#8221;none&#8221; css=&#8221;.vc_custom_1505148014795{margin-top: 0px !important;margin-right: 0px !important;margin-bottom: 0px !important;margin-left: 0px !important;padding-top: 0px !important;padding-right: 0% !important;padding-bottom: 0px !important;padding-left: 0% !important;}&#8221; offset=&#8221;vc_hidden-md vc_hidden-sm vc_hidden-xs&#8221;][vc_row_inner equal_height=&#8221;yes&#8221; content_placement=&#8221;middle&#8221; css=&#8221;.vc_custom_1565267848550{margin-top: 0px !important;margin-bottom: 0px !important;padding-top: 0px !important;padding-bottom: 0px !important;background-color: #ffffff !important;}&#8221;][vc_column_inner width=&#8221;1\/6&#8243; css=&#8221;.vc_custom_1506027657625{margin-top: 0px !important;margin-bottom: 0px !important;padding-top: 10px !important;padding-bottom: 11px !important;}&#8221;][vc_single_image image=&#8221;4225&#8243; img_size=&#8221;180&#215;58&#8243; alignment=&#8221;center&#8221; onclick=&#8221;custom_link&#8221; css=&#8221;.vc_custom_1565261480174{margin-top: 0px !important;margin-right: 0px !important;margin-bottom: 0px !important;margin-left: 0px !important;padding-top: 0px !important;padding-right: 0px !important;padding-bottom: 0px !important;padding-left: 0px !important;}&#8221; link=&#8221;https:\/\/minascitro.com.br\/&#8221;][\/vc_column_inner][vc_column_inner width=&#8221;2\/3&#8243; css=&#8221;.vc_custom_1501558468230{margin-top: 0px !important;margin-bottom: 0px !important;padding-top: 11px !important;padding-bottom: 10px !important;}&#8221;][vc_column_text css=&#8221;.vc_custom_1501558248920{margin-top: 0px !important;margin-bottom: 0px !important;padding-top: 0px !important;padding-bottom: 0px !important;}&#8221;]<div id=\"mega-menu-wrap-max_mega_menu_1\" class=\"mega-menu-wrap\"><div class=\"mega-menu-toggle\"><div class=\"mega-toggle-blocks-left\"><\/div><div class=\"mega-toggle-blocks-center\"><div class='mega-toggle-block mega-menu-toggle-block mega-toggle-block-1' id='mega-toggle-block-1'><span aria-expanded=\"false\" aria-haspopup=\"true\" role=\"button\" class='mega-toggle-label'><span class='mega-toggle-label-closed'>MENU<\/span><span class='mega-toggle-label-open'>MENU<\/span><\/span><\/div><\/div><div class=\"mega-toggle-blocks-right\"><\/div><\/div><ul id=\"mega-menu-max_mega_menu_1\" class=\"mega-menu max-mega-menu mega-menu-horizontal mega-no-js\" data-event=\"hover_intent\" data-effect=\"fade_up\" data-effect-speed=\"200\" data-effect-mobile=\"disabled\" data-effect-speed-mobile=\"0\" data-mobile-force-width=\"false\" data-second-click=\"close\" data-document-click=\"collapse\" data-vertical-behaviour=\"standard\" data-breakpoint=\"960\" data-unbind=\"true\" data-mobile-state=\"collapse_all\" data-mobile-direction=\"vertical\"><li class=\"mega-menu-item mega-menu-item-type-post_type mega-menu-item-object-page mega-menu-item-home mega-align-bottom-left mega-menu-flyout mega-menu-item-2769\" id=\"mega-menu-item-2769\"><a class=\"mega-menu-link\" href=\"https:\/\/minascitro.com.br\/\">Home<\/a><\/li><li class=\"mega-menu-item mega-menu-item-type-post_type mega-menu-item-object-page mega-align-bottom-left mega-menu-flyout mega-menu-item-3066\" id=\"mega-menu-item-3066\"><a class=\"mega-menu-link\" href=\"https:\/\/minascitro.com.br\/?page_id=1473\">Produtos<\/a><\/li><li class=\"mega-menu-item mega-menu-item-type-post_type mega-menu-item-object-page mega-align-bottom-left mega-menu-flyout mega-menu-item-3079\" id=\"mega-menu-item-3079\"><a class=\"mega-menu-link\" href=\"https:\/\/minascitro.com.br\/?page_id=1469\">M\u00e1quinas<\/a><\/li><li class=\"mega-menu-item mega-menu-item-type-post_type mega-menu-item-object-page mega-align-bottom-left mega-menu-flyout mega-menu-item-3556\" id=\"mega-menu-item-3556\"><a class=\"mega-menu-link\" href=\"https:\/\/minascitro.com.br\/?page_id=1477\">Contato<\/a><\/li><li class=\"mega-menu-item mega-menu-item-type-post_type mega-menu-item-object-page mega-align-bottom-left mega-menu-flyout mega-menu-item-3828\" id=\"mega-menu-item-3828\"><a class=\"mega-menu-link\" href=\"https:\/\/minascitro.com.br\/?page_id=3727\">Distribuidores<\/a><\/li><li class=\"mega-menu-item mega-menu-item-type-custom mega-menu-item-object-custom mega-align-bottom-left mega-menu-flyout mega-menu-item-2546\" id=\"mega-menu-item-2546\"><a target=\"_blank\" class=\"mega-menu-link\" href=\"https:\/\/www.google.com\/maps\/place\/R.+da+Luz,+60+-+Vila+Paris,+Contagem+-+MG,+32372-130\/@-19.9222518,-44.0265575,17z\/data=!4m13!1m7!3m6!1s0xa695d31953bd1d:0x2e62f31ec42b728a!2sR.+da+Luz,+60+-+Vila+Paris,+Contagem+-+MG,+32372-130!3b1!8m2!3d-19.922362!4d-44.0267214!3m4!1s0xa695d31953bd1d:0x2e62f31ec42b728a!8m2!3d-19.922362!4d-44.0267214\">Como chegar<\/a><\/li><\/ul><\/div>[\/vc_column_text][\/vc_column_inner][vc_column_inner width=&#8221;1\/6&#8243; css=&#8221;.vc_custom_1506025104912{margin-top: 0px !important;margin-bottom: 0px !important;padding-top: 11px !important;padding-bottom: 0px !important;}&#8221;][\/vc_column_inner][\/vc_row_inner][\/vc_column][\/vc_row][vc_row full_width=&#8221;stretch_row_content_no_spaces&#8221; full_height=&#8221;yes&#8221; equal_height=&#8221;yes&#8221; content_placement=&#8221;middle&#8221; bg_type=&#8221;image&#8221; bg_img_attach=&#8221;fixed&#8221; css=&#8221;.vc_custom_1505826760624{margin-top: 0px !important;margin-bottom: 0px !important;background-image: url(https:\/\/minascitro.com.br\/wp-content\/uploads\/2017\/08\/background-footer4.jpg?id=2551) !important;background-position: center !important;background-repeat: no-repeat !important;background-size: cover !important;}&#8221;][vc_column css_animation=&#8221;none&#8221; css=&#8221;.vc_custom_1505857657484{margin-top: 0px !important;margin-bottom: 0px !important;padding-top: 0px !important;padding-bottom: 0px !important;}&#8221;][vc_row_inner equal_height=&#8221;yes&#8221; content_placement=&#8221;middle&#8221; css=&#8221;.vc_custom_1505826714937{margin-top: 0px !important;margin-bottom: 0px !important;}&#8221;][vc_column_inner width=&#8221;1\/4&#8243; css=&#8221;.vc_custom_1565284555805{margin-top: 0px !important;margin-right: 0px !important;margin-bottom: 0px !important;margin-left: 0px !important;padding-top: 50px !important;padding-right: 0px !important;padding-bottom: 50px !important;padding-left: 0px !important;}&#8221;][vc_custom_heading text=&#8221;Fale <b>com<\/b>&#8221; font_container=&#8221;tag:h1|font_size:4.5em|text_align:left|color:%23d8d8d8|line_height:1.1&#8243; google_fonts=&#8221;font_family:Open%20Sans%20Condensed%3A300%2C300italic%2C700|font_style:300%20light%20regular%3A300%3Anormal&#8221; css=&#8221;.vc_custom_1505768515734{margin-top: 0px !important;margin-bottom: -15px !important;padding-top: 0px !important;padding-right: 12% !important;padding-bottom: 0px !important;padding-left: 12% !important;}&#8221; el_class=&#8221;shadow-text&#8221;][vc_custom_heading text=&#8221;<b>MINAS<\/b>CITRO&#8221; font_container=&#8221;tag:h1|font_size:3.5em|text_align:left|color:%23efae05|line_height:1.1&#8243; google_fonts=&#8221;font_family:Open%20Sans%20Condensed%3A300%2C300italic%2C700|font_style:300%20light%20regular%3A300%3Anormal&#8221; css=&#8221;.vc_custom_1565274243078{margin-top: 7px !important;margin-bottom: 0px !important;padding-top: 0px !important;padding-right: 12% !important;padding-bottom: 10px !important;padding-left: 12% !important;}&#8221; el_class=&#8221;shadow-text&#8221;][vc_custom_heading text=&#8221;ENDERE\u00c7O: <b>Rua da Luz, 60.<br \/>\nVila Paris. Contagem MG.<br \/>\n<\/b>&#8221; font_container=&#8221;tag:h1|font_size:1.6em|text_align:left|color:%23d8d8d8|line_height:1.2&#8243; google_fonts=&#8221;font_family:Open%20Sans%20Condensed%3A300%2C300italic%2C700|font_style:300%20light%20regular%3A300%3Anormal&#8221; css=&#8221;.vc_custom_1565261636863{margin-top: 10px !important;margin-right: 0px !important;margin-bottom: 10px !important;margin-left: 0px !important;padding-top: 18px !important;padding-right: 12% !important;padding-bottom: 20px !important;padding-left: 12% !important;background-color: rgba(0,0,0,0.15) !important;*background-color: rgb(0,0,0) !important;}&#8221; el_class=&#8221;shadow-text&#8221;][vc_custom_heading text=&#8221;CEP: <b>32372130<\/b>&#8221; font_container=&#8221;tag:h1|font_size:1.5em|text_align:left|color:%23d8d8d8|line_height:1.1&#8243; google_fonts=&#8221;font_family:Open%20Sans%20Condensed%3A300%2C300italic%2C700|font_style:300%20light%20regular%3A300%3Anormal&#8221; css=&#8221;.vc_custom_1565275888196{margin-top: 0px !important;margin-bottom: 0px !important;padding-top: 18px !important;padding-right: 12% !important;padding-bottom: 0px !important;padding-left: 12% !important;}&#8221; link=&#8221;url:https%3A%2F%2Fwww.google.com%2Fmaps%2Fplace%2FR.%2Bda%2BLuz%2C%2B60%2B-%2BVila%2BParis%2C%2BContagem%2B-%2BMG%2C%2B32372-130%2F%40-19.9222518%2C-44.0265575%2C17z%2Fdata%3D!4m13!1m7!3m6!1s0xa695d31953bd1d%3A0x2e62f31ec42b728a!2sR.%2Bda%2BLuz%2C%2B60%2B-%2BVila%2BParis%2C%2BContagem%2B-%2BMG%2C%2B32372-130!3b1!8m2!3d-19.922362!4d-44.0267214!3m4!1s0xa695d31953bd1d%3A0x2e62f31ec42b728a!8m2!3d-19.922362!4d-44.0267214||target:%20_blank|&#8221; el_class=&#8221;shadow-text&#8221;][\/vc_column_inner][vc_column_inner width=&#8221;1\/2&#8243; css=&#8221;.vc_custom_1505826939315{margin-top: 0px !important;margin-bottom: 0px !important;border-right-width: 1px !important;border-left-width: 1px !important;padding-top: 0px !important;padding-right: 12% !important;padding-bottom: 0px !important;padding-left: 10% !important;border-left-color: rgba(255,255,255,0.07) !important;border-left-style: solid !important;border-right-color: rgba(255,255,255,0.07) !important;border-right-style: solid !important;}&#8221;][dhvc_form id=&#8221;2331&#8243;][\/vc_column_inner][vc_column_inner width=&#8221;1\/4&#8243; css=&#8221;.vc_custom_1565269313761{margin-top: 0px !important;margin-right: 0px !important;margin-bottom: 0px !important;margin-left: 0px !important;padding-top: 20px !important;padding-right: 0px !important;padding-bottom: 50px !important;padding-left: 0px !important;}&#8221;][vc_custom_heading text=&#8221;TELEFONE: <b>31-3393-1388<\/b><br \/>\nTELEFONE: <b>31-3393-0535<\/b><br \/>\nWhatsapp: <b>31-33931-388<\/b>&#8221; font_container=&#8221;tag:h1|font_size:1.5em|text_align:left|color:%23d8d8d8|line_height:1.2&#8243; google_fonts=&#8221;font_family:Open%20Sans%20Condensed%3A300%2C300italic%2C700|font_style:300%20light%20regular%3A300%3Anormal&#8221; css=&#8221;.vc_custom_1565274217846{margin-top: 0px !important;margin-right: 0px !important;margin-bottom: 0px !important;margin-left: 0px !important;padding-top: 20px !important;padding-right: 12% !important;padding-bottom: 5px !important;padding-left: 12% !important;background-color: rgba(0,0,0,0.15) !important;*background-color: rgb(0,0,0) !important;}&#8221; el_class=&#8221;shadow-text&#8221;][vc_custom_heading text=&#8221;EM HOR\u00c1RIO COMERCIAL&#8221; font_container=&#8221;tag:h1|font_size:1.1em|text_align:left|color:%23ffffff|line_height:1.2&#8243; google_fonts=&#8221;font_family:Open%20Sans%20Condensed%3A300%2C300italic%2C700|font_style:300%20light%20regular%3A300%3Anormal&#8221; css=&#8221;.vc_custom_1505823902957{margin-top: 0px !important;margin-right: 0px !important;margin-bottom: 0px !important;margin-left: 0px !important;padding-top: 0px !important;padding-right: 12% !important;padding-bottom: 20px !important;padding-left: 12% !important;background-color: rgba(0,0,0,0.15) !important;*background-color: rgb(0,0,0) !important;}&#8221; el_class=&#8221;shadow-text&#8221;][vc_separator el_width=&#8221;40&#8243; css=&#8221;.vc_custom_1501778102655{margin-top: 0px !important;margin-right: 0px !important;margin-bottom: 0px !important;margin-left: 0px !important;padding-top: 0px !important;padding-right: 0px !important;padding-bottom: 0px !important;padding-left: 12% !important;}&#8221;][vc_custom_heading text=&#8221;<b>E<\/b>MAIL:&#8221; font_container=&#8221;tag:h1|font_size:2em|text_align:left|color:%23ffffff|line_height:1.1&#8243; google_fonts=&#8221;font_family:Open%20Sans%20Condensed%3A300%2C300italic%2C700|font_style:300%20light%20regular%3A300%3Anormal&#8221; css=&#8221;.vc_custom_1565275854921{margin-top: 0px !important;margin-bottom: 0px !important;padding-top: 18px !important;padding-right: 12% !important;padding-bottom: 0px !important;padding-left: 12% !important;}&#8221; link=&#8221;url:mailto%3Aminascitro%40minascitro.com.br||target:%20_blank|&#8221; el_class=&#8221;shadow-text&#8221;][vc_custom_heading text=&#8221;<b>comercial@minascitro.com.br<\/b>.&#8221; font_container=&#8221;tag:h1|font_size:1.2em|text_align:left|color:%23d8d8d8|line_height:1.1&#8243; google_fonts=&#8221;font_family:Open%20Sans%20Condensed%3A300%2C300italic%2C700|font_style:300%20light%20regular%3A300%3Anormal&#8221; css=&#8221;.vc_custom_1565275824251{margin-top: 0px !important;margin-right: 0px !important;margin-bottom: 0px !important;margin-left: 0px !important;padding-top: 3px !important;padding-right: 12% !important;padding-bottom: 18px !important;padding-left: 12% !important;}&#8221; link=&#8221;url:mailto%3Aminascitro%40minascitro.com.br||target:%20_blank|&#8221; el_class=&#8221;shadow-text&#8221;][\/vc_column_inner][\/vc_row_inner][\/vc_column][\/vc_row][vc_row full_width=&#8221;stretch_row_content_no_spaces&#8221; css=&#8221;.vc_custom_1501858430451{margin-top: 0px !important;margin-bottom: 0px !important;background-color: #161616 !important;}&#8221;][vc_column css_animation=&#8221;slideInUp&#8221; css=&#8221;.vc_custom_1501789866786{margin-top: 0px !important;margin-right: 0px !important;margin-bottom: 0px !important;margin-left: 0px !important;padding-top: 0px !important;padding-right: 0px !important;padding-bottom: 0px !important;padding-left: 0px !important;}&#8221;][vc_row_inner css=&#8221;.vc_custom_1501788966703{margin-top: 0px !important;margin-bottom: 0px !important;padding-top: 0px !important;padding-bottom: 0px !important;background-color: #161616 !important;}&#8221;][vc_column_inner width=&#8221;1\/6&#8243; css=&#8221;.vc_custom_1501788995621{margin-top: 0px !important;margin-bottom: 0px !important;padding-top: 0px !important;padding-bottom: 0px !important;}&#8221;][\/vc_column_inner][vc_column_inner width=&#8221;2\/3&#8243; css=&#8221;.vc_custom_1501789008385{margin-top: 0px !important;margin-bottom: 0px !important;padding-top: 50px !important;padding-bottom: 60px !important;}&#8221;][vc_icon icon_fontawesome=&#8221;fa fa-bars&#8221; color=&#8221;chino&#8221; size=&#8221;lg&#8221; align=&#8221;center&#8221; css_animation=&#8221;slideInUp&#8221; css=&#8221;.vc_custom_1501788876495{margin-top: 0px !important;margin-bottom: 0px !important;padding-top: 0px !important;padding-bottom: 0px !important;}&#8221;][vc_column_text css_animation=&#8221;slideInUp&#8221; css=&#8221;.vc_custom_1501788892360{margin-top: 0px !important;margin-bottom: 0px !important;padding-top: 0px !important;padding-bottom: 10px !important;}&#8221;]<div id=\"mega-menu-wrap-max_mega_menu_1\" class=\"mega-menu-wrap\"><div class=\"mega-menu-toggle\"><div class=\"mega-toggle-blocks-left\"><\/div><div class=\"mega-toggle-blocks-center\"><div class='mega-toggle-block mega-menu-toggle-block mega-toggle-block-1' id='mega-toggle-block-1'><span aria-expanded=\"false\" aria-haspopup=\"true\" role=\"button\" class='mega-toggle-label'><span class='mega-toggle-label-closed'>MENU<\/span><span class='mega-toggle-label-open'>MENU<\/span><\/span><\/div><\/div><div class=\"mega-toggle-blocks-right\"><\/div><\/div><ul id=\"mega-menu-max_mega_menu_1\" class=\"mega-menu max-mega-menu mega-menu-horizontal mega-no-js\" data-event=\"hover_intent\" data-effect=\"fade_up\" data-effect-speed=\"200\" data-effect-mobile=\"disabled\" data-effect-speed-mobile=\"0\" data-mobile-force-width=\"false\" data-second-click=\"close\" data-document-click=\"collapse\" data-vertical-behaviour=\"standard\" data-breakpoint=\"960\" data-unbind=\"true\" data-mobile-state=\"collapse_all\" data-mobile-direction=\"vertical\"><li class=\"mega-menu-item mega-menu-item-type-post_type mega-menu-item-object-page mega-menu-item-home mega-align-bottom-left mega-menu-flyout mega-menu-item-2769\" id=\"mega-menu-item-2769\"><a class=\"mega-menu-link\" href=\"https:\/\/minascitro.com.br\/\">Home<\/a><\/li><li class=\"mega-menu-item mega-menu-item-type-post_type mega-menu-item-object-page mega-align-bottom-left mega-menu-flyout mega-menu-item-3066\" id=\"mega-menu-item-3066\"><a class=\"mega-menu-link\" href=\"https:\/\/minascitro.com.br\/?page_id=1473\">Produtos<\/a><\/li><li class=\"mega-menu-item mega-menu-item-type-post_type mega-menu-item-object-page mega-align-bottom-left mega-menu-flyout mega-menu-item-3079\" id=\"mega-menu-item-3079\"><a class=\"mega-menu-link\" href=\"https:\/\/minascitro.com.br\/?page_id=1469\">M\u00e1quinas<\/a><\/li><li class=\"mega-menu-item mega-menu-item-type-post_type mega-menu-item-object-page mega-align-bottom-left mega-menu-flyout mega-menu-item-3556\" id=\"mega-menu-item-3556\"><a class=\"mega-menu-link\" href=\"https:\/\/minascitro.com.br\/?page_id=1477\">Contato<\/a><\/li><li class=\"mega-menu-item mega-menu-item-type-post_type mega-menu-item-object-page mega-align-bottom-left mega-menu-flyout mega-menu-item-3828\" id=\"mega-menu-item-3828\"><a class=\"mega-menu-link\" href=\"https:\/\/minascitro.com.br\/?page_id=3727\">Distribuidores<\/a><\/li><li class=\"mega-menu-item mega-menu-item-type-custom mega-menu-item-object-custom mega-align-bottom-left mega-menu-flyout mega-menu-item-2546\" id=\"mega-menu-item-2546\"><a target=\"_blank\" class=\"mega-menu-link\" href=\"https:\/\/www.google.com\/maps\/place\/R.+da+Luz,+60+-+Vila+Paris,+Contagem+-+MG,+32372-130\/@-19.9222518,-44.0265575,17z\/data=!4m13!1m7!3m6!1s0xa695d31953bd1d:0x2e62f31ec42b728a!2sR.+da+Luz,+60+-+Vila+Paris,+Contagem+-+MG,+32372-130!3b1!8m2!3d-19.922362!4d-44.0267214!3m4!1s0xa695d31953bd1d:0x2e62f31ec42b728a!8m2!3d-19.922362!4d-44.0267214\">Como chegar<\/a><\/li><\/ul><\/div>[\/vc_column_text][vc_separator color=&#8221;custom&#8221; el_width=&#8221;60&#8243; css=&#8221;.vc_custom_1505915205526{margin-top: 0px !important;margin-bottom: 0px !important;padding-top: 0px !important;padding-bottom: 0px !important;}&#8221; accent_color=&#8221;rgba(239,239,239,0.08)&#8221;][vc_custom_heading text=&#8221;- DIREITOS RESERVADOS \u00c0 MINAS<b>CITRO-MG<\/b> -&#8221; font_container=&#8221;tag:h2|font_size:0.9em|text_align:center|color:%23ddc396|line_height:1&#8243; google_fonts=&#8221;font_family:Open%20Sans%20Condensed%3A300%2C300italic%2C700|font_style:300%20light%20regular%3A300%3Anormal&#8221; css=&#8221;.vc_custom_1565262102942{margin-top: 0px !important;margin-bottom: 0px !important;padding-top: 25px !important;padding-bottom: 0px !important;}&#8221; link=&#8221;url:https%3A%2F%2Fwww.facebook.com%2Fwebribas||target:%20_blank|&#8221; el_class=&#8221;space-text-footer&#8221;][\/vc_column_inner][vc_column_inner width=&#8221;1\/6&#8243; css=&#8221;.vc_custom_1501788982692{margin-top: 0px !important;margin-bottom: 0px !important;padding-top: 0px !important;padding-bottom: 0px !important;}&#8221;][\/vc_column_inner][\/vc_row_inner][\/vc_column][\/vc_row][vc_row full_width=&#8221;stretch_row&#8221; css=&#8221;.vc_custom_1505763020146{margin-top: 0px !important;margin-bottom: 0px !important;background-color: #1c1c1c !important;}&#8221; el_id=&#8221;menu&#8221;][vc_column css=&#8221;.vc_custom_1501788469669{margin-top: 0px !important;margin-bottom: 0px !important;padding-top: 10px !important;padding-bottom: 10px !important;}&#8221;][vc_custom_heading text=&#8221;- DESENVOLVIDO POR <b>WEB RIBAS<\/b> -&#8221; font_container=&#8221;tag:h2|font_size:0.7em|text_align:center|color:%23919191|line_height:1&#8243; google_fonts=&#8221;font_family:Open%20Sans%20Condensed%3A300%2C300italic%2C700|font_style:300%20light%20regular%3A300%3Anormal&#8221; css=&#8221;.vc_custom_1501788680460{margin-top: 0px !important;margin-bottom: 0px !important;padding-top: 0px !important;padding-bottom: 0px !important;}&#8221; el_class=&#8221;space-text&#8221; link=&#8221;url:https%3A%2F%2Fwww.facebook.com%2Fwebribas||target:%20_blank|&#8221;][\/vc_column][\/vc_row]<\/p>\n<\/div>","protected":false},"excerpt":{"rendered":"<p>Os nossos produtos s\u00e3o produzidos pela Citrolife situada em Mat\u00e3o \u2013 SP. QUE possui mais de 20 anos de experi\u00eancia no mercado de produ\u00e7\u00e3o de sucos concentrados e, \u00e9 reconhecida pela sua qualidade, credibilidade, solidez e inova\u00e7\u00e3o. <a href=\"https:\/\/minascitro.com.br\/?page_id=1477\">Continue lendo <span class=\"meta-nav\">&rarr;<\/span><\/a><\/p>\n","protected":false},"author":1,"featured_media":0,"parent":0,"menu_order":0,"comment_status":"closed","ping_status":"closed","template":"","meta":{"_pvb_checkbox_block_on_post":true,"footnotes":""},"class_list":["post-1477","page","type-page","status-publish","hentry"],"amp_enabled":true,"_links":{"self":[{"href":"https:\/\/minascitro.com.br\/index.php?rest_route=\/wp\/v2\/pages\/1477","targetHints":{"allow":["GET"]}}],"collection":[{"href":"https:\/\/minascitro.com.br\/index.php?rest_route=\/wp\/v2\/pages"}],"about":[{"href":"https:\/\/minascitro.com.br\/index.php?rest_route=\/wp\/v2\/types\/page"}],"author":[{"embeddable":true,"href":"https:\/\/minascitro.com.br\/index.php?rest_route=\/wp\/v2\/users\/1"}],"replies":[{"embeddable":true,"href":"https:\/\/minascitro.com.br\/index.php?rest_route=%2Fwp%2Fv2%2Fcomments&post=1477"}],"version-history":[{"count":0,"href":"https:\/\/minascitro.com.br\/index.php?rest_route=\/wp\/v2\/pages\/1477\/revisions"}],"wp:attachment":[{"href":"https:\/\/minascitro.com.br\/index.php?rest_route=%2Fwp%2Fv2%2Fmedia&parent=1477"}],"curies":[{"name":"wp","href":"https:\/\/api.w.org\/{rel}","templated":true}]}}