{"id":4153,"date":"2017-09-21T19:24:38","date_gmt":"2017-09-21T22:24:38","guid":{"rendered":"https:\/\/minascitro.com.br\/?page_id=4153"},"modified":"2017-09-21T19:52:09","modified_gmt":"2017-09-21T22:52:09","slug":"404-2","status":"publish","type":"page","link":"https:\/\/minascitro.com.br\/?page_id=4153","title":{"rendered":"404"},"content":{"rendered":"<div class=\"wpb-content-wrapper\"><p>[vc_row full_width=&#8221;stretch_row&#8221; equal_height=&#8221;yes&#8221; content_placement=&#8221;middle&#8221; parallax_content=&#8221;&#8221; fadeout_row=&#8221;&#8221; enable_overlay=&#8221;&#8221; seperator_enable=&#8221;&#8221; ult_hide_row=&#8221;&#8221; css=&#8221;.vc_custom_1506034327240{margin-top: 0px !important;margin-bottom: 0px !important;background-color: #ffffff !important;}&#8221;][vc_column css=&#8221;.vc_custom_1506033979529{margin-top: 0px !important;margin-right: 0px !important;margin-bottom: 0px !important;margin-left: 0px !important;padding-top: 0px !important;padding-right: 0px !important;padding-bottom: 0px !important;padding-left: 0px !important;}&#8221; offset=&#8221;vc_hidden-lg&#8221;][vc_custom_heading text=&#8221;Ops!&#8221; font_container=&#8221;tag:h1|font_size:12em|text_align:center|color:%23e8e8e8&#8243; google_fonts=&#8221;font_family:Oswald%3A300%2Cregular%2C700|font_style:700%20bold%20regular%3A700%3Anormal&#8221; css=&#8221;.vc_custom_1506034190540{margin-top: -40px !important;margin-right: 0px !important;margin-bottom: 0px !important;margin-left: 0px !important;padding-top: 0px !important;padding-right: 0px !important;padding-bottom: 0px !important;padding-left: 0px !important;}&#8221;][vc_custom_heading text=&#8221;A P\u00c1GINA QUE VOC\u00ca TENTOU<br \/>\nACESSAR, N\u00c3O <b>EXISTE OU FOI REMOVIDA<\/b>.&#8221; font_container=&#8221;tag:h2|font_size:1.8em|text_align:center|color:%23444444|line_height:1.2&#8243; google_fonts=&#8221;font_family:Open%20Sans%20Condensed%3A300%2C300italic%2C700|font_style:300%20light%20regular%3A300%3Anormal&#8221; css=&#8221;.vc_custom_1506034151542{margin-top: 0px !important;margin-bottom: 0px !important;padding-top: 0px !important;padding-bottom: 0px !important;}&#8221;][vc_zigzag css=&#8221;.vc_custom_1506033184064{margin-top: 0px !important;margin-bottom: 0px !important;padding-top: 10px !important;padding-bottom: 0px !important;}&#8221;][vc_custom_heading text=&#8221;O legal que mesmo assim voc\u00ea ainda est\u00e1 no site <b>NATU SUCO,<\/b><br \/>\ne para acessar a p\u00e1gina principal, basta clicar em uma das op\u00e7\u00f5es abaixo<br \/>\ncaso voc\u00ea esteja acessando de um computador ou o <b>MENU<\/b> acima no caso de um <b>Smartphone<\/b>.&#8221; font_container=&#8221;tag:h2|font_size:2.2em|text_align:center|color:%23444444|line_height:1.3&#8243; google_fonts=&#8221;font_family:Open%20Sans%20Condensed%3A300%2C300italic%2C700|font_style:300%20light%20regular%3A300%3Anormal&#8221; css=&#8221;.vc_custom_1506034041114{margin-top: 5px !important;margin-bottom: 0px !important;padding-top: 0px !important;padding-bottom: 0px !important;}&#8221;][vc_zigzag css=&#8221;.vc_custom_1506033184064{margin-top: 0px !important;margin-bottom: 0px !important;padding-top: 10px !important;padding-bottom: 0px !important;}&#8221;][vc_column_text]<div id=\"mega-menu-wrap-max_mega_menu_1\" class=\"mega-menu-wrap\"><div class=\"mega-menu-toggle\"><div class=\"mega-toggle-blocks-left\"><\/div><div class=\"mega-toggle-blocks-center\"><div class='mega-toggle-block mega-menu-toggle-block mega-toggle-block-1' id='mega-toggle-block-1'><span aria-expanded=\"false\" aria-haspopup=\"true\" role=\"button\" class='mega-toggle-label'><span class='mega-toggle-label-closed'>MENU<\/span><span class='mega-toggle-label-open'>MENU<\/span><\/span><\/div><\/div><div class=\"mega-toggle-blocks-right\"><\/div><\/div><ul id=\"mega-menu-max_mega_menu_1\" class=\"mega-menu max-mega-menu mega-menu-horizontal mega-no-js\" data-event=\"hover_intent\" data-effect=\"fade_up\" data-effect-speed=\"200\" data-effect-mobile=\"disabled\" data-effect-speed-mobile=\"0\" data-mobile-force-width=\"false\" data-second-click=\"close\" data-document-click=\"collapse\" data-vertical-behaviour=\"standard\" data-breakpoint=\"960\" data-unbind=\"true\" data-mobile-state=\"collapse_all\" data-mobile-direction=\"vertical\"><li class=\"mega-menu-item mega-menu-item-type-post_type mega-menu-item-object-page mega-menu-item-home mega-align-bottom-left mega-menu-flyout mega-menu-item-2769\" id=\"mega-menu-item-2769\"><a class=\"mega-menu-link\" href=\"https:\/\/minascitro.com.br\/\">Home<\/a><\/li><li class=\"mega-menu-item mega-menu-item-type-post_type mega-menu-item-object-page mega-align-bottom-left mega-menu-flyout mega-menu-item-3066\" id=\"mega-menu-item-3066\"><a class=\"mega-menu-link\" href=\"https:\/\/minascitro.com.br\/?page_id=1473\">Produtos<\/a><\/li><li class=\"mega-menu-item mega-menu-item-type-post_type mega-menu-item-object-page mega-align-bottom-left mega-menu-flyout mega-menu-item-3079\" id=\"mega-menu-item-3079\"><a class=\"mega-menu-link\" href=\"https:\/\/minascitro.com.br\/?page_id=1469\">M\u00e1quinas<\/a><\/li><li class=\"mega-menu-item mega-menu-item-type-post_type mega-menu-item-object-page mega-align-bottom-left mega-menu-flyout mega-menu-item-3556\" id=\"mega-menu-item-3556\"><a class=\"mega-menu-link\" href=\"https:\/\/minascitro.com.br\/?page_id=1477\">Contato<\/a><\/li><li class=\"mega-menu-item mega-menu-item-type-post_type mega-menu-item-object-page mega-align-bottom-left mega-menu-flyout mega-menu-item-3828\" id=\"mega-menu-item-3828\"><a class=\"mega-menu-link\" href=\"https:\/\/minascitro.com.br\/?page_id=3727\">Distribuidores<\/a><\/li><li class=\"mega-menu-item mega-menu-item-type-custom mega-menu-item-object-custom mega-align-bottom-left mega-menu-flyout mega-menu-item-2546\" id=\"mega-menu-item-2546\"><a target=\"_blank\" class=\"mega-menu-link\" href=\"https:\/\/www.google.com\/maps\/place\/R.+da+Luz,+60+-+Vila+Paris,+Contagem+-+MG,+32372-130\/@-19.9222518,-44.0265575,17z\/data=!4m13!1m7!3m6!1s0xa695d31953bd1d:0x2e62f31ec42b728a!2sR.+da+Luz,+60+-+Vila+Paris,+Contagem+-+MG,+32372-130!3b1!8m2!3d-19.922362!4d-44.0267214!3m4!1s0xa695d31953bd1d:0x2e62f31ec42b728a!8m2!3d-19.922362!4d-44.0267214\">Como chegar<\/a><\/li><\/ul><\/div>[\/vc_column_text][\/vc_column][\/vc_row][vc_row full_width=&#8221;stretch_row&#8221; full_height=&#8221;yes&#8221; equal_height=&#8221;yes&#8221; content_placement=&#8221;middle&#8221; css=&#8221;.vc_custom_1506033831976{margin-top: 0px !important;margin-bottom: 0px !important;background-color: #ffffff !important;}&#8221;][vc_column css=&#8221;.vc_custom_1506033954592{margin-top: 0px !important;margin-right: 0px !important;margin-bottom: 0px !important;margin-left: 0px !important;padding-top: 0px !important;padding-right: 0px !important;padding-bottom: 0px !important;padding-left: 0px !important;}&#8221; offset=&#8221;vc_hidden-md vc_hidden-sm vc_hidden-xs&#8221;][vc_custom_heading text=&#8221;Ops!&#8221; font_container=&#8221;tag:h1|font_size:15em|text_align:center|color:%23e8e8e8&#8243; google_fonts=&#8221;font_family:Oswald%3A300%2Cregular%2C700|font_style:700%20bold%20regular%3A700%3Anormal&#8221; css=&#8221;.vc_custom_1506033860373{margin-top: -40px !important;margin-right: 0px !important;margin-bottom: 0px !important;margin-left: 0px !important;padding-top: 0px !important;padding-right: 0px !important;padding-bottom: 0px !important;padding-left: 0px !important;}&#8221;][vc_custom_heading text=&#8221;A P\u00c1GINA QUE VOC\u00ca TENTOU ACESSAR, N\u00c3O EXISTE OU FOI REMOVIDA.&#8221; font_container=&#8221;tag:h2|font_size:1.2em|text_align:center|color:%23444444|line_height:1.1&#8243; google_fonts=&#8221;font_family:Open%20Sans%20Condensed%3A300%2C300italic%2C700|font_style:300%20light%20regular%3A300%3Anormal&#8221; css=&#8221;.vc_custom_1506032991476{margin-top: 0px !important;margin-bottom: 0px !important;padding-top: 0px !important;padding-bottom: 0px !important;}&#8221;][vc_zigzag css=&#8221;.vc_custom_1506033184064{margin-top: 0px !important;margin-bottom: 0px !important;padding-top: 10px !important;padding-bottom: 0px !important;}&#8221;][vc_custom_heading text=&#8221;O legal que mesmo assim voc\u00ea ainda est\u00e1 no site <b>NATU SUCO,<\/b><br \/>\ne para acessar a p\u00e1gina principal, basta clicar em uma das op\u00e7\u00f5es abaixo<br \/>\ncaso voc\u00ea esteja acessando de um computador ou o <b>MENU<\/b> acima no caso de um <b>Smartphone<\/b>.&#8221; font_container=&#8221;tag:h2|font_size:1.2em|text_align:center|color:%23444444|line_height:1.3&#8243; google_fonts=&#8221;font_family:Open%20Sans%20Condensed%3A300%2C300italic%2C700|font_style:300%20light%20regular%3A300%3Anormal&#8221; css=&#8221;.vc_custom_1506033739827{margin-top: 5px !important;margin-bottom: 0px !important;padding-top: 0px !important;padding-bottom: 0px !important;}&#8221;][vc_zigzag css=&#8221;.vc_custom_1506033184064{margin-top: 0px !important;margin-bottom: 0px !important;padding-top: 10px !important;padding-bottom: 0px !important;}&#8221;][vc_column_text]<div id=\"mega-menu-wrap-max_mega_menu_1\" class=\"mega-menu-wrap\"><div class=\"mega-menu-toggle\"><div class=\"mega-toggle-blocks-left\"><\/div><div class=\"mega-toggle-blocks-center\"><div class='mega-toggle-block mega-menu-toggle-block mega-toggle-block-1' id='mega-toggle-block-1'><span aria-expanded=\"false\" aria-haspopup=\"true\" role=\"button\" class='mega-toggle-label'><span class='mega-toggle-label-closed'>MENU<\/span><span class='mega-toggle-label-open'>MENU<\/span><\/span><\/div><\/div><div class=\"mega-toggle-blocks-right\"><\/div><\/div><ul id=\"mega-menu-max_mega_menu_1\" class=\"mega-menu max-mega-menu mega-menu-horizontal mega-no-js\" data-event=\"hover_intent\" data-effect=\"fade_up\" data-effect-speed=\"200\" data-effect-mobile=\"disabled\" data-effect-speed-mobile=\"0\" data-mobile-force-width=\"false\" data-second-click=\"close\" data-document-click=\"collapse\" data-vertical-behaviour=\"standard\" data-breakpoint=\"960\" data-unbind=\"true\" data-mobile-state=\"collapse_all\" data-mobile-direction=\"vertical\"><li class=\"mega-menu-item mega-menu-item-type-post_type mega-menu-item-object-page mega-menu-item-home mega-align-bottom-left mega-menu-flyout mega-menu-item-2769\" id=\"mega-menu-item-2769\"><a class=\"mega-menu-link\" href=\"https:\/\/minascitro.com.br\/\">Home<\/a><\/li><li class=\"mega-menu-item mega-menu-item-type-post_type mega-menu-item-object-page mega-align-bottom-left mega-menu-flyout mega-menu-item-3066\" id=\"mega-menu-item-3066\"><a class=\"mega-menu-link\" href=\"https:\/\/minascitro.com.br\/?page_id=1473\">Produtos<\/a><\/li><li class=\"mega-menu-item mega-menu-item-type-post_type mega-menu-item-object-page mega-align-bottom-left mega-menu-flyout mega-menu-item-3079\" id=\"mega-menu-item-3079\"><a class=\"mega-menu-link\" href=\"https:\/\/minascitro.com.br\/?page_id=1469\">M\u00e1quinas<\/a><\/li><li class=\"mega-menu-item mega-menu-item-type-post_type mega-menu-item-object-page mega-align-bottom-left mega-menu-flyout mega-menu-item-3556\" id=\"mega-menu-item-3556\"><a class=\"mega-menu-link\" href=\"https:\/\/minascitro.com.br\/?page_id=1477\">Contato<\/a><\/li><li class=\"mega-menu-item mega-menu-item-type-post_type mega-menu-item-object-page mega-align-bottom-left mega-menu-flyout mega-menu-item-3828\" id=\"mega-menu-item-3828\"><a class=\"mega-menu-link\" href=\"https:\/\/minascitro.com.br\/?page_id=3727\">Distribuidores<\/a><\/li><li class=\"mega-menu-item mega-menu-item-type-custom mega-menu-item-object-custom mega-align-bottom-left mega-menu-flyout mega-menu-item-2546\" id=\"mega-menu-item-2546\"><a target=\"_blank\" class=\"mega-menu-link\" href=\"https:\/\/www.google.com\/maps\/place\/R.+da+Luz,+60+-+Vila+Paris,+Contagem+-+MG,+32372-130\/@-19.9222518,-44.0265575,17z\/data=!4m13!1m7!3m6!1s0xa695d31953bd1d:0x2e62f31ec42b728a!2sR.+da+Luz,+60+-+Vila+Paris,+Contagem+-+MG,+32372-130!3b1!8m2!3d-19.922362!4d-44.0267214!3m4!1s0xa695d31953bd1d:0x2e62f31ec42b728a!8m2!3d-19.922362!4d-44.0267214\">Como chegar<\/a><\/li><\/ul><\/div>[\/vc_column_text][\/vc_column][\/vc_row]<\/p>\n<\/div>","protected":false},"excerpt":{"rendered":"<p>[vc_row full_width=&#8221;stretch_row&#8221; equal_height=&#8221;yes&#8221; content_placement=&#8221;middle&#8221; parallax_content=&#8221;&#8221; fadeout_row=&#8221;&#8221; enable_overlay=&#8221;&#8221; seperator_enable=&#8221;&#8221; ult_hide_row=&#8221;&#8221; css=&#8221;.vc_custom_1506034327240{margin-top: 0px !important;margin-bottom: 0px !important;background-color: #ffffff !important;}&#8221;][vc_column css=&#8221;.vc_custom_1506033979529{margin-top: 0px !important;margin-right: 0px !important;margin-bottom: 0px !important;margin-left: 0px !important;padding-top: 0px !important;padding-right: 0px !important;padding-bottom: 0px !important;padding-left: 0px !important;}&#8221; offset=&#8221;vc_hidden-lg&#8221;][vc_custom_heading text=&#8221;Ops!&#8221; font_container=&#8221;tag:h1|font_size:12em|text_align:center|color:%23e8e8e8&#8243; google_fonts=&#8221;font_family:Oswald%3A300%2Cregular%2C700|font_style:700%20bold%20regular%3A700%3Anormal&#8221; css=&#8221;.vc_custom_1506034190540{margin-top: -40px !important;margin-right: &hellip; <a href=\"https:\/\/minascitro.com.br\/?page_id=4153\">Continue lendo <span class=\"meta-nav\">&rarr;<\/span><\/a><\/p>\n","protected":false},"author":1,"featured_media":0,"parent":0,"menu_order":0,"comment_status":"closed","ping_status":"closed","template":"","meta":{"_pvb_checkbox_block_on_post":true,"footnotes":""},"class_list":["post-4153","page","type-page","status-publish","hentry"],"amp_enabled":true,"_links":{"self":[{"href":"https:\/\/minascitro.com.br\/index.php?rest_route=\/wp\/v2\/pages\/4153","targetHints":{"allow":["GET"]}}],"collection":[{"href":"https:\/\/minascitro.com.br\/index.php?rest_route=\/wp\/v2\/pages"}],"about":[{"href":"https:\/\/minascitro.com.br\/index.php?rest_route=\/wp\/v2\/types\/page"}],"author":[{"embeddable":true,"href":"https:\/\/minascitro.com.br\/index.php?rest_route=\/wp\/v2\/users\/1"}],"replies":[{"embeddable":true,"href":"https:\/\/minascitro.com.br\/index.php?rest_route=%2Fwp%2Fv2%2Fcomments&post=4153"}],"version-history":[{"count":0,"href":"https:\/\/minascitro.com.br\/index.php?rest_route=\/wp\/v2\/pages\/4153\/revisions"}],"wp:attachment":[{"href":"https:\/\/minascitro.com.br\/index.php?rest_route=%2Fwp%2Fv2%2Fmedia&parent=4153"}],"curies":[{"name":"wp","href":"https:\/\/api.w.org\/{rel}","templated":true}]}}